{"id":160,"date":"2024-04-25T14:10:39","date_gmt":"2024-04-25T12:10:39","guid":{"rendered":"https:\/\/bollesapone.com\/?page_id=160"},"modified":"2025-04-24T11:56:00","modified_gmt":"2025-04-24T09:56:00","slug":"ouverture-des-saponettes","status":"publish","type":"page","link":"https:\/\/bollesapone.com\/en\/spettacoli\/spettacoli-al-chiuso\/ouverture-des-saponettes\/","title":{"rendered":"Overture des Saponettes"},"content":{"rendered":"<h3 class=\"wp-block-heading\">Overture des Saponettes<\/h3>\n\n\n\n<h5 class=\"wp-block-heading\">Un concerto per bolle di sapone<\/h5>\n\n\n\n<p><em>di e con Michele Cafaggi <br>regia Davide Fossati<br>produzione Studio TA-DAA!<\/em><\/p>\n\n\n\n<p><strong>Conductor without orchestra,<\/strong> <strong>musician without instruments,<\/strong> <strong>breathless singer.<\/strong><br><strong>An anomalous concert, for frail thoughts, for light thoughts, for silent thoughts. <\/strong><br><strong>As soap bubbles.<\/strong><\/p>\n\n\n\n<p><em>Oh ecco, inizia lo spettacolo\u2026 chi \u00e8 quello col grembiule? <\/em><br><em>Ma va l\u00e0, dice di essere il direttore! <\/em><br><em>Ma non suonano musica i suoi strumenti! <\/em><br><em>E adesso cosa fa? Diventa un gatto? <\/em><br><em>Guarda, da una tromba \u00e8 comparsa una rosa! <\/em><br><em>Ehi, qui \u00e8 umido, piovono grappoli di bolle\u2026 <\/em><br><em>Oh no, mi chiama, mi rapisce, dove mi porta? <\/em><br><em>Vedo tutto tondo.. sono finito in una bolla di sapone!<\/em><\/p>\n\n\n\n<p>Un eccentrico direttore d&#8217;orchestra vi porter\u00e0 nel mondo fragile e rotondo delle bolle di sapone per un \u201cconcerto\u201d dove l\u2019imprevisto \u00e8 sempre in agguato! <br>Da strani strumenti nascono bolle giganti, bolle rimbalzine, bolle da passeggio, grappoli di bolle\u2026 <\/p>\n\n\n\n<p><\/p>\n\n\n\n<figure class=\"wp-block-embed is-type-video is-provider-youtube wp-block-embed-youtube wp-embed-aspect-16-9 wp-has-aspect-ratio\"><div class=\"wp-block-embed__wrapper\">\n<iframe loading=\"lazy\" title=\"Ouverture des Saponettes [trailer]\" width=\"1032\" height=\"581\" src=\"https:\/\/www.youtube.com\/embed\/8HkmcZxnonE?feature=oembed\" frameborder=\"0\" allow=\"accelerometer; autoplay; clipboard-write; encrypted-media; gyroscope; picture-in-picture; web-share\" referrerpolicy=\"strict-origin-when-cross-origin\" allowfullscreen><\/iframe>\n<\/div><\/figure>\n\n\n\n<p><\/p>\n\n\n\n<p><em>Overture des Saponettes<\/em> \u00e8 un racconto visuale senza parole che trae ispirazione dalle atmosfere circensi e del variet\u00e0, un magico spettacolo di clownerie, pantomima e musica che, nato per i pi\u00f9 piccoli, finisce per incantare il pubblico di qualsiasi et\u00e0.<br>The show currently has more than 1000 reruns, was born in 2003 and was presented for the first time at the \u201cLeonardo da Vinci\u201d Museum of Science and Technology in Milan as part of the activities organized by the scientific soap bubbles laboratory.<br>It has been represented in national and international theaters and festivals (France, Ireland, Belgium, Switzerland, Greece, Japan, China, South Korea), in kindergarten, science museums, casinos, variety shows and grand gala.<\/p>","protected":false},"excerpt":{"rendered":"<p>Ouverture des Saponettes Un concerto per bolle di sapone di e con Michele Cafaggi regia Davide Fossatiproduzione Studio TA-DAA! Direttore senza orchestra, musicista senza strumenti, cantante senza fiato.Un concerto anomalo, per pensieri fragili, per pensieri leggeri, per pensieri silenziosi. Come bolle di sapone. Oh ecco, inizia lo spettacolo\u2026 chi \u00e8 quello col grembiule? Ma va l\u00e0, dice di essere il direttore! Ma non suonano musica i suoi strumenti! E adesso cosa fa? Diventa un gatto? Guarda, da una tromba \u00e8 comparsa una rosa! Ehi, qui \u00e8 &hellip;<\/p>","protected":false},"author":1,"featured_media":134,"parent":344,"menu_order":0,"comment_status":"closed","ping_status":"closed","template":"","meta":{"sfsi_plus_gutenberg_text_before_share":"","sfsi_plus_gutenberg_show_text_before_share":"","sfsi_plus_gutenberg_icon_type":"","sfsi_plus_gutenberg_icon_alignemt":"","sfsi_plus_gutenburg_max_per_row":"","footnotes":""},"class_list":["post-160","page","type-page","status-publish","has-post-thumbnail","hentry"],"_links":{"self":[{"href":"https:\/\/bollesapone.com\/en\/wp-json\/wp\/v2\/pages\/160","targetHints":{"allow":["GET"]}}],"collection":[{"href":"https:\/\/bollesapone.com\/en\/wp-json\/wp\/v2\/pages"}],"about":[{"href":"https:\/\/bollesapone.com\/en\/wp-json\/wp\/v2\/types\/page"}],"author":[{"embeddable":true,"href":"https:\/\/bollesapone.com\/en\/wp-json\/wp\/v2\/users\/1"}],"replies":[{"embeddable":true,"href":"https:\/\/bollesapone.com\/en\/wp-json\/wp\/v2\/comments?post=160"}],"version-history":[{"count":17,"href":"https:\/\/bollesapone.com\/en\/wp-json\/wp\/v2\/pages\/160\/revisions"}],"predecessor-version":[{"id":535,"href":"https:\/\/bollesapone.com\/en\/wp-json\/wp\/v2\/pages\/160\/revisions\/535"}],"up":[{"embeddable":true,"href":"https:\/\/bollesapone.com\/en\/wp-json\/wp\/v2\/pages\/344"}],"wp:featuredmedia":[{"embeddable":true,"href":"https:\/\/bollesapone.com\/en\/wp-json\/wp\/v2\/media\/134"}],"wp:attachment":[{"href":"https:\/\/bollesapone.com\/en\/wp-json\/wp\/v2\/media?parent=160"}],"curies":[{"name":"wp","href":"https:\/\/api.w.org\/{rel}","templated":true}]}}