{"id":228,"date":"2024-04-25T15:34:11","date_gmt":"2024-04-25T13:34:11","guid":{"rendered":"https:\/\/bollesapone.com\/?page_id=228"},"modified":"2025-04-24T11:17:01","modified_gmt":"2025-04-24T09:17:01","slug":"fish-bubbles","status":"publish","type":"page","link":"https:\/\/bollesapone.com\/en\/spettacoli\/spettacoli-allaperto\/fish-bubbles\/","title":{"rendered":"Fish &amp; Bubbles"},"content":{"rendered":"<h3 class=\"wp-block-heading has-text-align-left\">Fish &amp; Bubbles<\/h3>\n\n\n\n<h5 class=\"wp-block-heading has-text-align-left\">Rovesci di pioggia e sovvertimenti di senso<\/h5>\n\n\n\n<p class=\"has-text-align-left\"><em>di e con Michele Cafaggi <br>regia Ted Luminarc<\/em><br><em>produzione Studio TA-DAA!<\/em><\/p>\n\n\n\n<p class=\"has-text-align-left\">Today the sun is shining, but not for everyone!<br>Un Pescatore della domenica <br>\u00e8 perseguitato da una nuvoletta dispettosa <br>che lo innaffia ovunque vada.<br>Ma non c&#8217;\u00e8 nulla da temere lui non si dispera, <br>lui \u00e8 fatto di sapone e i suoi pensieri sono bollicine colorate <br>e per lui la pioggia \u00e8 una ghiotta occasione <br>per mostrarvi i suoi giochi preferiti!<\/p>\n\n\n\n<p class=\"has-text-align-left\">Spettacolo replicato in Italia, Svizzera, Austria, Irlanda, Grecia, Spagna, India, Giordania, Giappone.<\/p>\n\n\n\n<figure class=\"wp-block-embed is-type-video is-provider-youtube wp-block-embed-youtube wp-embed-aspect-16-9 wp-has-aspect-ratio\"><div class=\"wp-block-embed__wrapper\">\n<iframe loading=\"lazy\" title=\"Fish&amp;Bubbles [trailer]\" width=\"1032\" height=\"581\" src=\"https:\/\/www.youtube.com\/embed\/3dHrDOYqB-8?feature=oembed\" frameborder=\"0\" allow=\"accelerometer; autoplay; clipboard-write; encrypted-media; gyroscope; picture-in-picture; web-share\" referrerpolicy=\"strict-origin-when-cross-origin\" allowfullscreen><\/iframe>\n<\/div><\/figure>\n\n\n\n<p><\/p>","protected":false},"excerpt":{"rendered":"<p>Fish &amp; Bubbles Rovesci di pioggia e sovvertimenti di senso di e con Michele Cafaggi regia Ted Luminarcproduzione Studio TA-DAA! Oggi splende il sole, ma non per tutti!Un Pescatore della domenica \u00e8 perseguitato da una nuvoletta dispettosa che lo innaffia ovunque vada.Ma non c&#8217;\u00e8 nulla da temere lui non si dispera, lui \u00e8 fatto di sapone e i suoi pensieri sono bollicine colorate e per lui la pioggia \u00e8 una ghiotta occasione per mostrarvi i suoi giochi preferiti! Spettacolo replicato in Italia, Svizzera, Austria, Irlanda, Grecia, &hellip;<\/p>","protected":false},"author":1,"featured_media":232,"parent":341,"menu_order":0,"comment_status":"closed","ping_status":"closed","template":"","meta":{"sfsi_plus_gutenberg_text_before_share":"","sfsi_plus_gutenberg_show_text_before_share":"","sfsi_plus_gutenberg_icon_type":"","sfsi_plus_gutenberg_icon_alignemt":"","sfsi_plus_gutenburg_max_per_row":"","footnotes":""},"class_list":["post-228","page","type-page","status-publish","has-post-thumbnail","hentry"],"_links":{"self":[{"href":"https:\/\/bollesapone.com\/en\/wp-json\/wp\/v2\/pages\/228","targetHints":{"allow":["GET"]}}],"collection":[{"href":"https:\/\/bollesapone.com\/en\/wp-json\/wp\/v2\/pages"}],"about":[{"href":"https:\/\/bollesapone.com\/en\/wp-json\/wp\/v2\/types\/page"}],"author":[{"embeddable":true,"href":"https:\/\/bollesapone.com\/en\/wp-json\/wp\/v2\/users\/1"}],"replies":[{"embeddable":true,"href":"https:\/\/bollesapone.com\/en\/wp-json\/wp\/v2\/comments?post=228"}],"version-history":[{"count":11,"href":"https:\/\/bollesapone.com\/en\/wp-json\/wp\/v2\/pages\/228\/revisions"}],"predecessor-version":[{"id":498,"href":"https:\/\/bollesapone.com\/en\/wp-json\/wp\/v2\/pages\/228\/revisions\/498"}],"up":[{"embeddable":true,"href":"https:\/\/bollesapone.com\/en\/wp-json\/wp\/v2\/pages\/341"}],"wp:featuredmedia":[{"embeddable":true,"href":"https:\/\/bollesapone.com\/en\/wp-json\/wp\/v2\/media\/232"}],"wp:attachment":[{"href":"https:\/\/bollesapone.com\/en\/wp-json\/wp\/v2\/media?parent=228"}],"curies":[{"name":"wp","href":"https:\/\/api.w.org\/{rel}","templated":true}]}}