{"id":235,"date":"2024-04-25T15:38:39","date_gmt":"2024-04-25T13:38:39","guid":{"rendered":"https:\/\/bollesapone.com\/?page_id=235"},"modified":"2025-04-24T11:25:24","modified_gmt":"2025-04-24T09:25:24","slug":"bubble-riscio","status":"publish","type":"page","link":"https:\/\/bollesapone.com\/en\/spettacoli\/spettacoli-allaperto\/bubble-riscio\/","title":{"rendered":"Bubble Risci\u00f2"},"content":{"rendered":"<h3 class=\"wp-block-heading\">Bubble Risci\u00f2 + sound machine <\/h3>\n\n\n\n<h5 class=\"wp-block-heading\">Uno\u00a0<strong><em>spettacolo itinerante<\/em>\u00a0<\/strong>a bordo di un Risci\u00f2 modello &#8220;Vacanze al mare&#8221;<\/h5>\n\n\n\n<p><em>di Michele Cafaggi <br>con Michele Cafaggi e Davide Baldi <br>regia Ted Luminarc<br>produzione Studio TA-DAA!<\/em><\/p>\n\n\n\n<p>Bubble Risci\u00f2 \u00e8 una ventata di aria fresca, <br>una scorpacciata di sorrisi, <br>a charge of jokes and fun.<\/p>\n\n\n\n<p><em>Due simpatici personaggi si aggirano per le vie della citt\u00e0, <\/em><br><em>diffondendo musica, scherzi sonori, spruzzate d\u2019acqua e bolle di sapone.<\/em><\/p>\n\n\n\n<p>Il mago delle bolle di sapone e il pianista sono pronti: <br>regaleranno instancabili sorrisi a grandi e piccini di tutta la citt\u00e0!<br><\/p>\n\n\n\n<p>Il Risci\u00f2 pu\u00f2 itinerare per le vie della citt\u00e0, <br>ma all&#8217;occorrenza pu\u00f2 anche fermarsi proponendo piccoli momenti di spettacolo.<\/p>\n\n\n\n<figure class=\"wp-block-embed is-type-video is-provider-youtube wp-block-embed-youtube wp-embed-aspect-16-9 wp-has-aspect-ratio\"><div class=\"wp-block-embed__wrapper\">\n<iframe loading=\"lazy\" title=\"Bubble Risci\u00f2 + Sound Machine!  [trailer]\" width=\"1032\" height=\"581\" src=\"https:\/\/www.youtube.com\/embed\/m2xGRZHY1kE?feature=oembed\" frameborder=\"0\" allow=\"accelerometer; autoplay; clipboard-write; encrypted-media; gyroscope; picture-in-picture; web-share\" referrerpolicy=\"strict-origin-when-cross-origin\" allowfullscreen><\/iframe>\n<\/div><\/figure>","protected":false},"excerpt":{"rendered":"<p>Bubble Risci\u00f2 + sound machine Uno\u00a0spettacolo itinerante\u00a0a bordo di un Risci\u00f2 modello &#8220;Vacanze al mare&#8221; di Michele Cafaggi con Michele Cafaggi e Davide Baldi regia Ted Luminarcproduzione Studio TA-DAA! Bubble Risci\u00f2 \u00e8 una ventata di aria fresca, una scorpacciata di sorrisi, una carica di scherzi e simpatia. Due simpatici personaggi si aggirano per le vie della citt\u00e0, diffondendo musica, scherzi sonori, spruzzate d\u2019acqua e bolle di sapone. Il mago delle bolle di sapone e il pianista sono pronti: regaleranno instancabili sorrisi a grandi e piccini di &hellip;<\/p>","protected":false},"author":1,"featured_media":112,"parent":341,"menu_order":0,"comment_status":"closed","ping_status":"closed","template":"","meta":{"sfsi_plus_gutenberg_text_before_share":"","sfsi_plus_gutenberg_show_text_before_share":"","sfsi_plus_gutenberg_icon_type":"","sfsi_plus_gutenberg_icon_alignemt":"","sfsi_plus_gutenburg_max_per_row":"","footnotes":""},"class_list":["post-235","page","type-page","status-publish","has-post-thumbnail","hentry"],"_links":{"self":[{"href":"https:\/\/bollesapone.com\/en\/wp-json\/wp\/v2\/pages\/235","targetHints":{"allow":["GET"]}}],"collection":[{"href":"https:\/\/bollesapone.com\/en\/wp-json\/wp\/v2\/pages"}],"about":[{"href":"https:\/\/bollesapone.com\/en\/wp-json\/wp\/v2\/types\/page"}],"author":[{"embeddable":true,"href":"https:\/\/bollesapone.com\/en\/wp-json\/wp\/v2\/users\/1"}],"replies":[{"embeddable":true,"href":"https:\/\/bollesapone.com\/en\/wp-json\/wp\/v2\/comments?post=235"}],"version-history":[{"count":8,"href":"https:\/\/bollesapone.com\/en\/wp-json\/wp\/v2\/pages\/235\/revisions"}],"predecessor-version":[{"id":507,"href":"https:\/\/bollesapone.com\/en\/wp-json\/wp\/v2\/pages\/235\/revisions\/507"}],"up":[{"embeddable":true,"href":"https:\/\/bollesapone.com\/en\/wp-json\/wp\/v2\/pages\/341"}],"wp:featuredmedia":[{"embeddable":true,"href":"https:\/\/bollesapone.com\/en\/wp-json\/wp\/v2\/media\/112"}],"wp:attachment":[{"href":"https:\/\/bollesapone.com\/en\/wp-json\/wp\/v2\/media?parent=235"}],"curies":[{"name":"wp","href":"https:\/\/api.w.org\/{rel}","templated":true}]}}