{"id":208,"date":"2024-04-25T15:11:43","date_gmt":"2024-04-25T13:11:43","guid":{"rendered":"https:\/\/bollesapone.com\/?page_id=208"},"modified":"2025-04-24T12:22:14","modified_gmt":"2025-04-24T10:22:14","slug":"sonosolo","status":"publish","type":"page","link":"https:\/\/bollesapone.com\/it_it\/spettacoli\/spettacoli-al-chiuso\/sonosolo\/","title":{"rendered":"SonoSolo"},"content":{"rendered":"\n<h3 class=\"wp-block-heading\">SonoSolo<\/h3>\n\n\n\n<h5 class=\"wp-block-heading\">sono solo bolle di sapone<\/h5>\n\n\n\n<h6 class=\"wp-block-heading\">Ovvero del giorno in cui cercando qualcosa trovai me stesso<\/h6>\n\n\n\n<p><em>di e con Michele Cafaggi<br>regia Ted Luminarc<br>musiche originali Davide Baldi<br>disegno luci e scenografie Izumi Fujiwara<br>coproduzione Studio TA-DAA! e TGV<\/em><\/p>\n\n\n\n<p><strong>\u201cIl\u00a0futuro \u00e8 uno specchio senza vetro\u201d Xavier Forneret<\/strong><\/p>\n\n\n\n<p class=\"has-text-align-center\">Cosa succederebbe se il vostro incubo peggiore diventasse realt\u00e0? <br>E, se a guardarla bene, questa fosse l&#8217;occasione <br>per affrontare innocui mostri schiumosi e apparenti fragilit\u00e0? <br>A volte lo stupore \u00e8 dietro l\u2019angolo o nascosto in una vecchia valigia di cartone <br>e frugando bene nelle tasche capita di trovare un pensiero smarrito <br>o semplicemente un sorriso.<\/p>\n\n\n\n<figure class=\"wp-block-embed is-type-video is-provider-youtube wp-block-embed-youtube wp-embed-aspect-16-9 wp-has-aspect-ratio\"><div class=\"wp-block-embed__wrapper\">\n<iframe loading=\"lazy\" title=\"SonoSolo, OloSonoS, video completo dello spettacolo a velocit\u00e0 velocizzata a partire dalla fine\" width=\"1032\" height=\"581\" src=\"https:\/\/www.youtube.com\/embed\/eDWsYYs4lJY?feature=oembed\" frameborder=\"0\" allow=\"accelerometer; autoplay; clipboard-write; encrypted-media; gyroscope; picture-in-picture; web-share\" referrerpolicy=\"strict-origin-when-cross-origin\" allowfullscreen><\/iframe>\n<\/div><\/figure>\n","protected":false},"excerpt":{"rendered":"<p>SonoSolo sono solo bolle di sapone Ovvero del giorno in cui cercando qualcosa trovai me stesso di e con Michele Cafaggiregia Ted Luminarcmusiche originali Davide Baldidisegno luci e scenografie Izumi Fujiwaracoproduzione Studio TA-DAA! e TGV \u201cIl\u00a0futuro \u00e8 uno specchio senza vetro\u201d Xavier Forneret Cosa succederebbe se il vostro incubo peggiore diventasse realt\u00e0? E, se a guardarla bene, questa fosse l&#8217;occasione per affrontare innocui mostri schiumosi e apparenti fragilit\u00e0? A volte lo stupore \u00e8 dietro l\u2019angolo o nascosto in una vecchia valigia di cartone e frugando bene &hellip;<\/p>\n","protected":false},"author":1,"featured_media":75,"parent":344,"menu_order":0,"comment_status":"closed","ping_status":"closed","template":"","meta":{"sfsi_plus_gutenberg_text_before_share":"","sfsi_plus_gutenberg_show_text_before_share":"","sfsi_plus_gutenberg_icon_type":"","sfsi_plus_gutenberg_icon_alignemt":"","sfsi_plus_gutenburg_max_per_row":"","footnotes":""},"class_list":["post-208","page","type-page","status-publish","has-post-thumbnail","hentry"],"_links":{"self":[{"href":"https:\/\/bollesapone.com\/it_it\/wp-json\/wp\/v2\/pages\/208","targetHints":{"allow":["GET"]}}],"collection":[{"href":"https:\/\/bollesapone.com\/it_it\/wp-json\/wp\/v2\/pages"}],"about":[{"href":"https:\/\/bollesapone.com\/it_it\/wp-json\/wp\/v2\/types\/page"}],"author":[{"embeddable":true,"href":"https:\/\/bollesapone.com\/it_it\/wp-json\/wp\/v2\/users\/1"}],"replies":[{"embeddable":true,"href":"https:\/\/bollesapone.com\/it_it\/wp-json\/wp\/v2\/comments?post=208"}],"version-history":[{"count":11,"href":"https:\/\/bollesapone.com\/it_it\/wp-json\/wp\/v2\/pages\/208\/revisions"}],"predecessor-version":[{"id":549,"href":"https:\/\/bollesapone.com\/it_it\/wp-json\/wp\/v2\/pages\/208\/revisions\/549"}],"up":[{"embeddable":true,"href":"https:\/\/bollesapone.com\/it_it\/wp-json\/wp\/v2\/pages\/344"}],"wp:featuredmedia":[{"embeddable":true,"href":"https:\/\/bollesapone.com\/it_it\/wp-json\/wp\/v2\/media\/75"}],"wp:attachment":[{"href":"https:\/\/bollesapone.com\/it_it\/wp-json\/wp\/v2\/media?parent=208"}],"curies":[{"name":"wp","href":"https:\/\/api.w.org\/{rel}","templated":true}]}}