{"id":225,"date":"2024-04-25T15:29:54","date_gmt":"2024-04-25T13:29:54","guid":{"rendered":"https:\/\/bollesapone.com\/?page_id=225"},"modified":"2025-04-24T12:39:29","modified_gmt":"2025-04-24T10:39:29","slug":"concerto-per-piccoli-cuori-e-grandi-sogni","status":"publish","type":"page","link":"https:\/\/bollesapone.com\/it_it\/spettacoli\/spettacoli-al-chiuso\/concerto-per-piccoli-cuori-e-grandi-sogni\/","title":{"rendered":"Concerto per piccoli cuori e grandi Sogni"},"content":{"rendered":"\n<h3 class=\"wp-block-heading\">Concerto per Piccoli Cuori e Grandi Sogni<\/h3>\n\n\n\n<p><em>di e con Michele Cafaggi <br>regia Ted Luminarc<br>produzione Studio TA-DAA!<br>una versione dello spettacolo &#8220;Ouverture des Saponettes&#8221; dedicata ai pi\u00f9 piccoli<\/em><\/p>\n\n\n\n<p><strong>Vedere la Musica \u00e8 possibile? <\/strong><br><strong>Forse si, grazie all&#8217;aiuto delle bolle di sapone e dei giochi di luce che esse creano muovendosi liberamente nell&#8217;aria.<\/strong><\/p>\n\n\n\n<p>Il bambino nel periodo della sua gestazione \u00e8 in ascolto dei rumori del mondo.<br>E nella pancia della mamma e nei primi mesi di vita ascolta molti suoni e molte musiche. Poi crescendo e sviluppandosi sviluppa gli altri sensi, il tatto, l&#8217;olfatto e la vista.<br>Questo spettacolo propone di dare ai bambini neonati un&#8217;esperienza: unire al suono della musica delle immagini il pi\u00f9 possibile vicine e inerenti al loro mondo. Le bolle di sapone, cos\u00ec eteree, composte di acqua, leggere, colorate e fluttuanti ben rappresentano un ottimo punto di raccordo tra il mondo intrauterino e il mondo esterno.<br>Un&#8217;esibizione di musica e coreografia di bolle altamente simbolica che segna il passaggio della crescita dal mondo dell&#8217;indefinito al mondo della realt\u00e0. Per i pi\u00f9 grandi (dai 2 anni) l&#8217;opportunit\u00e0 di vedere il gioco: un clown che sperimenta attrezzi e strumenti musicali con l&#8217;innocenza del bambino, la trasformazione, l&#8217;improvvisazione e lo stupore.<\/p>\n\n\n\n<p><em>Il pubblico \u00e8 disposto a 360\u00b0 intorno alla scena, nessun ostacolo tra il palco e il pubblico. <br>Un tenero e e appassionante viaggio con suoni, luci e bolle di sapone, dedicato ai bambini di et\u00e0 0-2 anni, alle loro mamme e ai pap\u00e0<\/em><\/p>\n\n\n\n<p> <img loading=\"lazy\" decoding=\"async\" width=\"150\" height=\"100\" class=\"wp-image-558\" style=\"width: 150px;\" src=\"https:\/\/bollesapone.com\/wp-content\/uploads\/2025\/04\/bolleneonato4-scaled.jpg\" alt=\"\" srcset=\"https:\/\/bollesapone.com\/wp-content\/uploads\/2025\/04\/bolleneonato4-scaled.jpg 2560w, https:\/\/bollesapone.com\/wp-content\/uploads\/2025\/04\/bolleneonato4-300x200.jpg 300w, https:\/\/bollesapone.com\/wp-content\/uploads\/2025\/04\/bolleneonato4-1024x683.jpg 1024w, https:\/\/bollesapone.com\/wp-content\/uploads\/2025\/04\/bolleneonato4-768x512.jpg 768w, https:\/\/bollesapone.com\/wp-content\/uploads\/2025\/04\/bolleneonato4-1536x1025.jpg 1536w, https:\/\/bollesapone.com\/wp-content\/uploads\/2025\/04\/bolleneonato4-2048x1366.jpg 2048w, https:\/\/bollesapone.com\/wp-content\/uploads\/2025\/04\/bolleneonato4-18x12.jpg 18w, https:\/\/bollesapone.com\/wp-content\/uploads\/2025\/04\/bolleneonato4-450x300.jpg 450w\" sizes=\"auto, (max-width: 150px) 100vw, 150px\" \/> <img loading=\"lazy\" decoding=\"async\" width=\"150\" height=\"100\" class=\"wp-image-559\" style=\"width: 150px;\" src=\"https:\/\/bollesapone.com\/wp-content\/uploads\/2025\/04\/bolleneonato5-scaled.jpg\" alt=\"\" srcset=\"https:\/\/bollesapone.com\/wp-content\/uploads\/2025\/04\/bolleneonato5-scaled.jpg 2560w, https:\/\/bollesapone.com\/wp-content\/uploads\/2025\/04\/bolleneonato5-300x200.jpg 300w, https:\/\/bollesapone.com\/wp-content\/uploads\/2025\/04\/bolleneonato5-1024x683.jpg 1024w, https:\/\/bollesapone.com\/wp-content\/uploads\/2025\/04\/bolleneonato5-768x512.jpg 768w, https:\/\/bollesapone.com\/wp-content\/uploads\/2025\/04\/bolleneonato5-1536x1025.jpg 1536w, https:\/\/bollesapone.com\/wp-content\/uploads\/2025\/04\/bolleneonato5-2048x1366.jpg 2048w, https:\/\/bollesapone.com\/wp-content\/uploads\/2025\/04\/bolleneonato5-18x12.jpg 18w, https:\/\/bollesapone.com\/wp-content\/uploads\/2025\/04\/bolleneonato5-450x300.jpg 450w\" sizes=\"auto, (max-width: 150px) 100vw, 150px\" \/> <img loading=\"lazy\" decoding=\"async\" width=\"150\" height=\"100\" class=\"wp-image-560\" style=\"width: 150px;\" src=\"https:\/\/bollesapone.com\/wp-content\/uploads\/2025\/04\/bolleneonato7-scaled.jpg\" alt=\"\" srcset=\"https:\/\/bollesapone.com\/wp-content\/uploads\/2025\/04\/bolleneonato7-scaled.jpg 2560w, https:\/\/bollesapone.com\/wp-content\/uploads\/2025\/04\/bolleneonato7-300x200.jpg 300w\" sizes=\"auto, (max-width: 150px) 100vw, 150px\" \/><\/p>\n\n\n\n<p><em>Concerto<strong> <\/strong>per piccoli cuori e grandi sogni <\/em>nasce dall&#8217;esperienza di \u201cOuverture des Saponettes\u201d,  uno spettacolo teatrale che gira il mondo da 20 anni. E&#8217; un adattamento semplificato e rimodellato pensato proprio per le esigenze dei pi\u00f9 piccoli. Di grande aiuto per la realizzazione \u00e8 stata senza dubbio l&#8217;esperienza ventennale di Michele Cafaggi come Dottore Clown per la Fondazione Theodora Onlus nei reparti pediatrici degli ospedali italiani.<br>L&#8217;esperienza con la Fondazione Theodora ha permesso a Michele di approfondire il mondo del neonato e in generale della prima infanzia attraverso esperienze dirette e seminari di formazione continua con Psicologi, Medici, Insegnanti e personalit\u00e0 con grande esperienza nel settore.<br>Lo spettacolo ha debuttato a settembre 2014 in Giappone su richiesta dell&#8217;associazione \u201cKodomo Bunka Community\u201d di Fukuoka nell&#8217;ambito di un progetto di ricerca e sviluppo di spettacoli e laboratori dedicati alla prima infanzia.<br>Da questo richiesta lo Studio TA-DAA! ha prodotto due spettacoli: Concerto per Piccoli Cuori e Grandi Sogni di e con Michele Cafaggi e un Live Painting della pittrice Izumi Fujiwara.<br><\/p>\n","protected":false},"excerpt":{"rendered":"<p>Concerto per Piccoli Cuori e Grandi Sogni di e con Michele Cafaggi regia Ted Luminarcproduzione Studio TA-DAA!una versione dello spettacolo &#8220;Ouverture des Saponettes&#8221; dedicata ai pi\u00f9 piccoli Vedere la Musica \u00e8 possibile? Forse si, grazie all&#8217;aiuto delle bolle di sapone e dei giochi di luce che esse creano muovendosi liberamente nell&#8217;aria. Il bambino nel periodo della sua gestazione \u00e8 in ascolto dei rumori del mondo.E nella pancia della mamma e nei primi mesi di vita ascolta molti suoni e molte musiche. Poi crescendo e sviluppandosi sviluppa &hellip;<\/p>\n","protected":false},"author":1,"featured_media":109,"parent":344,"menu_order":0,"comment_status":"closed","ping_status":"closed","template":"","meta":{"sfsi_plus_gutenberg_text_before_share":"","sfsi_plus_gutenberg_show_text_before_share":"","sfsi_plus_gutenberg_icon_type":"","sfsi_plus_gutenberg_icon_alignemt":"","sfsi_plus_gutenburg_max_per_row":"","footnotes":""},"class_list":["post-225","page","type-page","status-publish","has-post-thumbnail","hentry"],"_links":{"self":[{"href":"https:\/\/bollesapone.com\/it_it\/wp-json\/wp\/v2\/pages\/225","targetHints":{"allow":["GET"]}}],"collection":[{"href":"https:\/\/bollesapone.com\/it_it\/wp-json\/wp\/v2\/pages"}],"about":[{"href":"https:\/\/bollesapone.com\/it_it\/wp-json\/wp\/v2\/types\/page"}],"author":[{"embeddable":true,"href":"https:\/\/bollesapone.com\/it_it\/wp-json\/wp\/v2\/users\/1"}],"replies":[{"embeddable":true,"href":"https:\/\/bollesapone.com\/it_it\/wp-json\/wp\/v2\/comments?post=225"}],"version-history":[{"count":3,"href":"https:\/\/bollesapone.com\/it_it\/wp-json\/wp\/v2\/pages\/225\/revisions"}],"predecessor-version":[{"id":561,"href":"https:\/\/bollesapone.com\/it_it\/wp-json\/wp\/v2\/pages\/225\/revisions\/561"}],"up":[{"embeddable":true,"href":"https:\/\/bollesapone.com\/it_it\/wp-json\/wp\/v2\/pages\/344"}],"wp:featuredmedia":[{"embeddable":true,"href":"https:\/\/bollesapone.com\/it_it\/wp-json\/wp\/v2\/media\/109"}],"wp:attachment":[{"href":"https:\/\/bollesapone.com\/it_it\/wp-json\/wp\/v2\/media?parent=225"}],"curies":[{"name":"wp","href":"https:\/\/api.w.org\/{rel}","templated":true}]}}