{"id":238,"date":"2024-04-25T15:42:30","date_gmt":"2024-04-25T13:42:30","guid":{"rendered":"https:\/\/bollesapone.com\/?page_id=238"},"modified":"2025-04-24T11:04:43","modified_gmt":"2025-04-24T09:04:43","slug":"fish-parade%ef%bc%81","status":"publish","type":"page","link":"https:\/\/bollesapone.com\/it_it\/spettacoli\/spettacoli-allaperto\/fish-parade%ef%bc%81\/","title":{"rendered":"FISH PARADE\uff01"},"content":{"rendered":"\n<h3 class=\"wp-block-heading\">FISH PARADE &#8211; La festosa parata dei pesci koinobori<\/h3>\n\n\n\n<h5 class=\"wp-block-heading\"><strong>Un evento teatrale, un laboratorio artistico, un\u2019installazione di arte partecipata<\/strong><\/h5>\n\n\n\n<p>Il progetto prende inspirazione dalla celebre festa giapponese del 5 maggio dal nome <em>Koinobori<\/em>.<br>La Fish Parade si compone di tre diversi momenti:<br>un&#8217; <em>attivit\u00e0 laboratoriale<\/em> che precede l&#8217;evento<br>una <em>parata<\/em> con la partecipazione del Maestro di Cerimonia e del Mago delle Bolle<br>un&#8217;<em>installazione finale<\/em> di pesci volanti Koinobori<\/p>\n\n\n\n<p> <img loading=\"lazy\" decoding=\"async\" width=\"150\" height=\"108\" class=\"wp-image-480\" style=\"width: 150px;\" src=\"https:\/\/bollesapone.com\/wp-content\/uploads\/2025\/04\/fish-parade-3.jpeg\" alt=\"\" srcset=\"https:\/\/bollesapone.com\/wp-content\/uploads\/2025\/04\/fish-parade-3.jpeg 2048w, https:\/\/bollesapone.com\/wp-content\/uploads\/2025\/04\/fish-parade-3-300x215.jpeg 300w, https:\/\/bollesapone.com\/wp-content\/uploads\/2025\/04\/fish-parade-3-1024x735.jpeg 1024w, https:\/\/bollesapone.com\/wp-content\/uploads\/2025\/04\/fish-parade-3-768x551.jpeg 768w, https:\/\/bollesapone.com\/wp-content\/uploads\/2025\/04\/fish-parade-3-1536x1102.jpeg 1536w, https:\/\/bollesapone.com\/wp-content\/uploads\/2025\/04\/fish-parade-3-18x12.jpeg 18w, https:\/\/bollesapone.com\/wp-content\/uploads\/2025\/04\/fish-parade-3-418x300.jpeg 418w, https:\/\/bollesapone.com\/wp-content\/uploads\/2025\/04\/fish-parade-3-413x300.jpeg 413w\" sizes=\"auto, (max-width: 150px) 100vw, 150px\" \/>  <img loading=\"lazy\" decoding=\"async\" width=\"150\" height=\"108\" class=\"wp-image-479\" style=\"width: 150px;\" src=\"https:\/\/bollesapone.com\/wp-content\/uploads\/2025\/04\/fish-parade-2.jpeg\" alt=\"\" srcset=\"https:\/\/bollesapone.com\/wp-content\/uploads\/2025\/04\/fish-parade-2.jpeg 2048w, https:\/\/bollesapone.com\/wp-content\/uploads\/2025\/04\/fish-parade-2-300x217.jpeg 300w, https:\/\/bollesapone.com\/wp-content\/uploads\/2025\/04\/fish-parade-2-1024x740.jpeg 1024w, https:\/\/bollesapone.com\/wp-content\/uploads\/2025\/04\/fish-parade-2-768x555.jpeg 768w, https:\/\/bollesapone.com\/wp-content\/uploads\/2025\/04\/fish-parade-2-1536x1109.jpeg 1536w, https:\/\/bollesapone.com\/wp-content\/uploads\/2025\/04\/fish-parade-2-18x12.jpeg 18w, https:\/\/bollesapone.com\/wp-content\/uploads\/2025\/04\/fish-parade-2-415x300.jpeg 415w, https:\/\/bollesapone.com\/wp-content\/uploads\/2025\/04\/fish-parade-2-413x300.jpeg 413w\" sizes=\"auto, (max-width: 150px) 100vw, 150px\" \/><\/p>\n\n\n\n<p><strong>IL LABORATORIO<\/strong><\/p>\n\n\n\n<p>Durante il laboratorio condotto da Izumi Fujiwara vengono colorati e preparati i Pesci Koinobori.<br>Nel laboratorio ogni partecipante preparer\u00e0 il pesce\/i pesci che porter\u00e0 in parata durante l\u2019evento<\/p>\n\n\n\n<p> <img loading=\"lazy\" decoding=\"async\" width=\"150\" height=\"100\" class=\"wp-image-477\" style=\"width: 150px;\" src=\"https:\/\/bollesapone.com\/wp-content\/uploads\/2025\/04\/lab-fish-parade-4.jpeg\" alt=\"\" srcset=\"https:\/\/bollesapone.com\/wp-content\/uploads\/2025\/04\/lab-fish-parade-4.jpeg 1620w, https:\/\/bollesapone.com\/wp-content\/uploads\/2025\/04\/lab-fish-parade-4-300x200.jpeg 300w, https:\/\/bollesapone.com\/wp-content\/uploads\/2025\/04\/lab-fish-parade-4-1024x683.jpeg 1024w, https:\/\/bollesapone.com\/wp-content\/uploads\/2025\/04\/lab-fish-parade-4-768x512.jpeg 768w, https:\/\/bollesapone.com\/wp-content\/uploads\/2025\/04\/lab-fish-parade-4-1536x1024.jpeg 1536w, https:\/\/bollesapone.com\/wp-content\/uploads\/2025\/04\/lab-fish-parade-4-18x12.jpeg 18w, https:\/\/bollesapone.com\/wp-content\/uploads\/2025\/04\/lab-fish-parade-4-450x300.jpeg 450w\" sizes=\"auto, (max-width: 150px) 100vw, 150px\" \/>  <img loading=\"lazy\" decoding=\"async\" width=\"150\" height=\"100\" class=\"wp-image-478\" style=\"width: 150px;\" src=\"https:\/\/bollesapone.com\/wp-content\/uploads\/2025\/04\/lab-fish-parade-6.jpeg\" alt=\"\" srcset=\"https:\/\/bollesapone.com\/wp-content\/uploads\/2025\/04\/lab-fish-parade-6.jpeg 1620w, https:\/\/bollesapone.com\/wp-content\/uploads\/2025\/04\/lab-fish-parade-6-300x200.jpeg 300w, https:\/\/bollesapone.com\/wp-content\/uploads\/2025\/04\/lab-fish-parade-6-1024x683.jpeg 1024w, https:\/\/bollesapone.com\/wp-content\/uploads\/2025\/04\/lab-fish-parade-6-768x512.jpeg 768w, https:\/\/bollesapone.com\/wp-content\/uploads\/2025\/04\/lab-fish-parade-6-1536x1024.jpeg 1536w, https:\/\/bollesapone.com\/wp-content\/uploads\/2025\/04\/lab-fish-parade-6-18x12.jpeg 18w, https:\/\/bollesapone.com\/wp-content\/uploads\/2025\/04\/lab-fish-parade-6-450x300.jpeg 450w\" sizes=\"auto, (max-width: 150px) 100vw, 150px\" \/><\/p>\n\n\n\n<p><strong>LA PARATA E L&#8217;INSTALLAZIONE FINALE<\/strong><\/p>\n\n\n\n<p>La Parat\u00e0 sar\u00e0 guidata dal Maestro di Cerimonia Piergiorgio Vimercati in Arte il Mago Barnaba, che far\u00e0 il discorso iniziale indossando il cappello del Grande Pesce.<br>Dopo il discorso del Maestro di Cerimonia si sar\u00e0 spazio per un eventuale discorso di qualche \u201cautorit\u00e0 locale\u201d. Al termine del discorso inizier\u00e0 la vera e propria parata.<br>Il Mago Barnaba alla Grancassa, Il Maestro Baldi alla Fisarmonica e Michele Cafaggi alle trombe guideranno la parata lungo il percorso stabilito.<br>Durante la Parata \u00e8 anche possibile coinvolgere la banda di paese o musicisti locali.  Al termine della parata ci sar\u00e0 un numero conclusivo di bolle di sapone giganti e si allestir\u00e0 la postazione pesci: su un fiume, una fontana, una piazza\u2026<\/p>\n\n\n\n<p> <img loading=\"lazy\" decoding=\"async\" width=\"150\" height=\"100\" class=\"wp-image-481\" style=\"width: 150px;\" src=\"https:\/\/bollesapone.com\/wp-content\/uploads\/2025\/04\/fish-parade-1.jpg\" alt=\"\" srcset=\"https:\/\/bollesapone.com\/wp-content\/uploads\/2025\/04\/fish-parade-1.jpg 1620w, https:\/\/bollesapone.com\/wp-content\/uploads\/2025\/04\/fish-parade-1-300x200.jpg 300w, https:\/\/bollesapone.com\/wp-content\/uploads\/2025\/04\/fish-parade-1-1024x683.jpg 1024w, https:\/\/bollesapone.com\/wp-content\/uploads\/2025\/04\/fish-parade-1-768x512.jpg 768w, https:\/\/bollesapone.com\/wp-content\/uploads\/2025\/04\/fish-parade-1-1536x1024.jpg 1536w, https:\/\/bollesapone.com\/wp-content\/uploads\/2025\/04\/fish-parade-1-18x12.jpg 18w, https:\/\/bollesapone.com\/wp-content\/uploads\/2025\/04\/fish-parade-1-450x300.jpg 450w\" sizes=\"auto, (max-width: 150px) 100vw, 150px\" \/>  <img loading=\"lazy\" decoding=\"async\" width=\"150\" height=\"100\" class=\"wp-image-483\" style=\"width: 150px;\" src=\"https:\/\/bollesapone.com\/wp-content\/uploads\/2025\/04\/fish-parade-6.jpg\" alt=\"\" srcset=\"https:\/\/bollesapone.com\/wp-content\/uploads\/2025\/04\/fish-parade-6.jpg 1620w, https:\/\/bollesapone.com\/wp-content\/uploads\/2025\/04\/fish-parade-6-300x200.jpg 300w, https:\/\/bollesapone.com\/wp-content\/uploads\/2025\/04\/fish-parade-6-1024x683.jpg 1024w, https:\/\/bollesapone.com\/wp-content\/uploads\/2025\/04\/fish-parade-6-768x512.jpg 768w, https:\/\/bollesapone.com\/wp-content\/uploads\/2025\/04\/fish-parade-6-1536x1024.jpg 1536w, https:\/\/bollesapone.com\/wp-content\/uploads\/2025\/04\/fish-parade-6-18x12.jpg 18w, https:\/\/bollesapone.com\/wp-content\/uploads\/2025\/04\/fish-parade-6-450x300.jpg 450w\" sizes=\"auto, (max-width: 150px) 100vw, 150px\" \/><\/p>\n","protected":false},"excerpt":{"rendered":"<p>FISH PARADE &#8211; La festosa parata dei pesci koinobori Un evento teatrale, un laboratorio artistico, un\u2019installazione di arte partecipata Il progetto prende inspirazione dalla celebre festa giapponese del 5 maggio dal nome Koinobori.La Fish Parade si compone di tre diversi momenti:un&#8217; attivit\u00e0 laboratoriale che precede l&#8217;eventouna parata con la partecipazione del Maestro di Cerimonia e del Mago delle Bolleun&#8217;installazione finale di pesci volanti Koinobori IL LABORATORIO Durante il laboratorio condotto da Izumi Fujiwara vengono colorati e preparati i Pesci Koinobori.Nel laboratorio ogni partecipante preparer\u00e0 il pesce\/i &hellip;<\/p>\n","protected":false},"author":1,"featured_media":113,"parent":341,"menu_order":0,"comment_status":"closed","ping_status":"closed","template":"","meta":{"sfsi_plus_gutenberg_text_before_share":"","sfsi_plus_gutenberg_show_text_before_share":"","sfsi_plus_gutenberg_icon_type":"","sfsi_plus_gutenberg_icon_alignemt":"","sfsi_plus_gutenburg_max_per_row":"","footnotes":""},"class_list":["post-238","page","type-page","status-publish","has-post-thumbnail","hentry"],"_links":{"self":[{"href":"https:\/\/bollesapone.com\/it_it\/wp-json\/wp\/v2\/pages\/238","targetHints":{"allow":["GET"]}}],"collection":[{"href":"https:\/\/bollesapone.com\/it_it\/wp-json\/wp\/v2\/pages"}],"about":[{"href":"https:\/\/bollesapone.com\/it_it\/wp-json\/wp\/v2\/types\/page"}],"author":[{"embeddable":true,"href":"https:\/\/bollesapone.com\/it_it\/wp-json\/wp\/v2\/users\/1"}],"replies":[{"embeddable":true,"href":"https:\/\/bollesapone.com\/it_it\/wp-json\/wp\/v2\/comments?post=238"}],"version-history":[{"count":6,"href":"https:\/\/bollesapone.com\/it_it\/wp-json\/wp\/v2\/pages\/238\/revisions"}],"predecessor-version":[{"id":486,"href":"https:\/\/bollesapone.com\/it_it\/wp-json\/wp\/v2\/pages\/238\/revisions\/486"}],"up":[{"embeddable":true,"href":"https:\/\/bollesapone.com\/it_it\/wp-json\/wp\/v2\/pages\/341"}],"wp:featuredmedia":[{"embeddable":true,"href":"https:\/\/bollesapone.com\/it_it\/wp-json\/wp\/v2\/media\/113"}],"wp:attachment":[{"href":"https:\/\/bollesapone.com\/it_it\/wp-json\/wp\/v2\/media?parent=238"}],"curies":[{"name":"wp","href":"https:\/\/api.w.org\/{rel}","templated":true}]}}